{"id":173,"date":"2019-07-18T15:15:56","date_gmt":"2019-07-18T13:15:56","guid":{"rendered":"http:\/\/villaarkadia.pl\/nowa\/?page_id=173"},"modified":"2019-11-21T15:04:03","modified_gmt":"2019-11-21T14:04:03","slug":"okolica","status":"publish","type":"page","link":"https:\/\/villaarkadia.pl\/de\/okolica\/","title":{"rendered":"Surrounding"},"content":{"rendered":"<p><strong>\u0141uk\u0119cin<\/strong> ist eine kleine K\u00fcstenstadt in der Provinz Zachodniopomorskie, in der Gemeinde Dziwn\u00f3w, zwischen Dziwn\u00f3wek und Pobierowo. Ein Teil des Dorfes liegt in einem Pinienwald.<\/p>\n<p>Die Ruinen der Kirche auf der B\u00f6schung in Trz\u0119sacz.<\/p>\n<p><strong>Atrakcje w\u00a0okolicy<\/strong>:<\/p>\n<ul>\n<li>Latarnia Morska w Niechorzu<\/li>\n<li>Nadmorska Kolej W\u0105skotorowa<\/li>\n<li>Ruiny ko\u015bcio\u0142a na skarpie w\u00a0Trz\u0119saczu<\/li>\n<li>Kreuzfahrten mit dem Piratenschiff von Dziwn\u00f3w\u00a0<a href=\"http:\/\/dziwnow.zaplanujpobyt.pl\/statek-korsarz-dziwnow.html#.VUdAb_ntmko\" target=\"_blank\" rel=\"noopener noreferrer\">Wi\u0119cej informacji<\/a> i <a href=\"http:\/\/explorek.pl\/place\/4fd4d8fd46dab97d45000003\" target=\"_blank\" rel=\"noopener noreferrer\">Wi\u0119cej informacji<\/a><\/li>\n<li>Museum f\u00fcr Seefischerei in Niechorze<\/li>\n<li>Miniatur-Leuchtturmpark in Niechorze<\/li>\n<li>Wolin National Park mit Bisons leben dort<\/li>\n<li>Fahrradroute R10\u00a0<a href=\"http:\/\/cycling.waymarkedtrails.org\/pl\/relation\/2689634\" target=\"_blank\" rel=\"noopener noreferrer\">Wi\u0119cej informacji<\/a><\/li>\n<li>... und viele mehr<\/li>\n<\/ul>","protected":false},"excerpt":{"rendered":"<p>\u0141uk\u0119cin to ma\u0142a nadmorska miejscowo\u015b\u0107 w\u00a0woj. zachodniopomorskim, w\u00a0gminie Dziwn\u00f3w, po\u0142o\u017cona mi\u0119dzy Dziwn\u00f3wkiem, a\u00a0Pobierowem. Cz\u0119\u015b\u0107 miejscowo\u015bci po\u0142o\u017cona jest w\u00a0lesie sosnowym. Znajduje si\u0119 w\u00a0niej klasztor ojc\u00f3w paulin\u00f3w, o\u015brodek jazdy konnej oraz kilka dom\u00f3w i\u00a0o\u015brodk\u00f3w wczasowych. A\u00a0kto zapragnie gwary i\u00a0zgie\u0142ku ma zaledwie 12km do Rewala. Atrakcje w\u00a0okolicy: Latarnia Morska w Niechorzu Nadmorska Kolej W\u0105skotorowa Ruiny ko\u015bcio\u0142a na skarpie [&hellip;]<\/p>\n","protected":false},"author":1,"featured_media":457,"parent":0,"menu_order":0,"comment_status":"closed","ping_status":"closed","template":"","meta":{"_acf_changed":false,"footnotes":""},"class_list":["post-173","page","type-page","status-publish","has-post-thumbnail","hentry"],"acf":[],"_links":{"self":[{"href":"https:\/\/villaarkadia.pl\/de\/wp-json\/wp\/v2\/pages\/173","targetHints":{"allow":["GET"]}}],"collection":[{"href":"https:\/\/villaarkadia.pl\/de\/wp-json\/wp\/v2\/pages"}],"about":[{"href":"https:\/\/villaarkadia.pl\/de\/wp-json\/wp\/v2\/types\/page"}],"author":[{"embeddable":true,"href":"https:\/\/villaarkadia.pl\/de\/wp-json\/wp\/v2\/users\/1"}],"replies":[{"embeddable":true,"href":"https:\/\/villaarkadia.pl\/de\/wp-json\/wp\/v2\/comments?post=173"}],"version-history":[{"count":5,"href":"https:\/\/villaarkadia.pl\/de\/wp-json\/wp\/v2\/pages\/173\/revisions"}],"predecessor-version":[{"id":376,"href":"https:\/\/villaarkadia.pl\/de\/wp-json\/wp\/v2\/pages\/173\/revisions\/376"}],"wp:featuredmedia":[{"embeddable":true,"href":"https:\/\/villaarkadia.pl\/de\/wp-json\/wp\/v2\/media\/457"}],"wp:attachment":[{"href":"https:\/\/villaarkadia.pl\/de\/wp-json\/wp\/v2\/media?parent=173"}],"curies":[{"name":"wp","href":"https:\/\/api.w.org\/{rel}","templated":true}]}}