{"id":179,"date":"2019-07-18T15:15:56","date_gmt":"2019-07-18T13:15:56","guid":{"rendered":"http:\/\/villaarkadia.pl\/nowa\/?page_id=179"},"modified":"2021-03-01T20:31:16","modified_gmt":"2021-03-01T19:31:16","slug":"regulamin","status":"publish","type":"page","link":"https:\/\/villaarkadia.pl\/de\/regulamin\/","title":{"rendered":"Vorschriften"},"content":{"rendered":"<ol>\n<li>Der Tourist nimmt eine Buchung per E-Mail vor.<\/li>\n<li>Od turysty pobierany jest zadatek na poczet koszt\u00f3w pobytu w wysoko\u015bci 30% warto\u015bci pobytu, p\u0142atny w terminie 2-3 dni od daty rezerwacji.\n<ol type=\"a\">\n<li>Nach Erhalt der Anzahlung best\u00e4tigt \u201eVilla Arkadia\u201c die Reservierung.<\/li>\n<li>im Falle einer Stornierung aus Gr\u00fcnden, die dem Kunden zuzuschreiben sind \u2013 die geleistete Anzahlung bleibt Eigentum von \u201eVilla Arkadia\u201c in \u0141uk\u0119cin.<\/li>\n<\/ol>\n<\/li>\n<li>Da es keine M\u00f6glichkeit gibt, mit Kreditkarte zu bezahlen, zahlen Sie bitte den gesamten Aufenthalt f\u00fcr das Konto der Villa Arkadia 14 Tage vor Anreise.<\/li>\n<li>W przypadku niewykorzystania pobytu przez go\u015bci w zarezerwowanym terminie nie przys\u0142uguje prawo do zwrotu pieni\u0119dzy za pobyt.<\/li>\n<li>Wenn ein Gast w\u00e4hrend seines Aufenthaltes anh\u00e4lt, hat er keinen Anspruch auf R\u00fcckerstattung f\u00fcr die nicht in Anspruch genommene Zeit.<\/li>\n<li>\u201eVilla Arkadia\u201c f\u00fcr Wertgegenst\u00e4nde, Geld, Wertpapiere, Kameras, Kameras und andere Gegenst\u00e4nde mit k\u00fcnstlerischem oder wissenschaftlichem Wert ist nicht verantwortlich.<\/li>\n<li>Der Gast ist verantwortlich f\u00fcr die Besch\u00e4digung oder Zerst\u00f6rung der Villa Arkadia.<\/li>\n<li>Bitte nehmen Sie nicht die Zimmer raus, die zur \u201eVilla Arkadia\u201c geh\u00f6ren.<\/li>\n<li>Der Tag in \u201eVilla Arkadia\u201c beginnt um 15:00 am Tag der Ankunft und endet um 9:00 am Tag der Abreise.<\/li>\n<li>Besucher unserer G\u00e4ste werden gebeten, Villa Arkadia bis Mittag zu verlassen. 22:00 Uhr.<\/li>\n<li>Nachtstille gilt ab 22:00 Uhr bis Stunden 07.00.<\/li>\n<li>Es ist verboten, Tiere in die Villa Arkadia zu bringen.<\/li>\n<li>W \u201eVilli Arkadia\u201d obowi\u0105zuje zakaz palenia.<\/li>\n<li>W \"Villi Arkadia MARE\" od 2021 roku obowi\u0105zuje zakaz grillowania lub za zgod\u0105 s\u0105siad\u00f3w.<\/li>\n<li>Angaben zum Vermieter: PC ELEKTRO Jacek Adamczyk ul. Zielona 12 58-200 Dzier\u017coni\u00f3w NIP 8821008490<\/li>\n<\/ol>","protected":false},"excerpt":{"rendered":"<p>Turysta dokonuje rezerwacji nocleg\u00f3w mailowo. Od turysty pobierany jest zadatek na poczet koszt\u00f3w pobytu w wysoko\u015bci 30% warto\u015bci pobytu, p\u0142atny w terminie 2-3 dni od daty rezerwacji. po otrzymaniu zadatku \u201eVilla Arkadia\u201d dokonuje potwierdzenia rezerwacji. w\u00a0przypadku anulowania rezerwacji z przyczyn le\u017c\u0105cych po stronie klienta \u2013 wp\u0142acony zadatek pozostaje w\u0142asno\u015bci\u0105 \u201eVilli Arkadia\u201d w\u00a0\u0141uk\u0119cinie. Ze wzgl\u0119du na [&hellip;]<\/p>\n","protected":false},"author":1,"featured_media":374,"parent":0,"menu_order":0,"comment_status":"closed","ping_status":"closed","template":"","meta":{"_acf_changed":false,"footnotes":""},"class_list":["post-179","page","type-page","status-publish","has-post-thumbnail","hentry"],"acf":[],"_links":{"self":[{"href":"https:\/\/villaarkadia.pl\/de\/wp-json\/wp\/v2\/pages\/179","targetHints":{"allow":["GET"]}}],"collection":[{"href":"https:\/\/villaarkadia.pl\/de\/wp-json\/wp\/v2\/pages"}],"about":[{"href":"https:\/\/villaarkadia.pl\/de\/wp-json\/wp\/v2\/types\/page"}],"author":[{"embeddable":true,"href":"https:\/\/villaarkadia.pl\/de\/wp-json\/wp\/v2\/users\/1"}],"replies":[{"embeddable":true,"href":"https:\/\/villaarkadia.pl\/de\/wp-json\/wp\/v2\/comments?post=179"}],"version-history":[{"count":5,"href":"https:\/\/villaarkadia.pl\/de\/wp-json\/wp\/v2\/pages\/179\/revisions"}],"predecessor-version":[{"id":848,"href":"https:\/\/villaarkadia.pl\/de\/wp-json\/wp\/v2\/pages\/179\/revisions\/848"}],"wp:featuredmedia":[{"embeddable":true,"href":"https:\/\/villaarkadia.pl\/de\/wp-json\/wp\/v2\/media\/374"}],"wp:attachment":[{"href":"https:\/\/villaarkadia.pl\/de\/wp-json\/wp\/v2\/media?parent=179"}],"curies":[{"name":"wp","href":"https:\/\/api.w.org\/{rel}","templated":true}]}}